{"id":6837,"date":"2024-10-03T12:27:04","date_gmt":"2024-10-03T10:27:04","guid":{"rendered":"https:\/\/www.villaggiolidodabruzzo.it\/cookie-policy\/"},"modified":"2024-10-03T12:27:53","modified_gmt":"2024-10-03T10:27:53","slug":"cookie-policy","status":"publish","type":"page","link":"https:\/\/www.villaggiolidodabruzzo.it\/de\/cookie-policy\/","title":{"rendered":"Cookie Richtlinie"},"content":{"rendered":"\t\t<div data-elementor-type=\"wp-page\" data-elementor-id=\"6837\" class=\"elementor elementor-6837 elementor-6816\" data-elementor-post-type=\"page\">\n\t\t\t\t\t\t\t\t\t<section class=\"ob-is-breaking-bad elementor-section elementor-top-section elementor-element elementor-element-c04e55a elementor-section-boxed elementor-section-height-default elementor-section-height-default\" data-id=\"c04e55a\" data-element_type=\"section\" data-settings=\"{&quot;jet_parallax_layout_list&quot;:[],&quot;_ob_bbad_use_it&quot;:&quot;yes&quot;,&quot;_ob_bbad_sssic_use&quot;:&quot;no&quot;,&quot;_ob_glider_is_slider&quot;:&quot;no&quot;}\">\n\t\t\t\t\t\t<div class=\"elementor-container elementor-column-gap-default\">\n\t\t\t\t\t<div class=\"elementor-column elementor-col-100 elementor-top-column elementor-element elementor-element-b6cd613\" data-id=\"b6cd613\" data-element_type=\"column\" data-settings=\"{&quot;_ob_bbad_is_stalker&quot;:&quot;no&quot;,&quot;_ob_teleporter_use&quot;:false,&quot;_ob_column_hoveranimator&quot;:&quot;no&quot;,&quot;_ob_column_has_pseudo&quot;:&quot;no&quot;}\">\n\t\t\t<div class=\"elementor-widget-wrap elementor-element-populated\">\n\t\t\t\t\t\t\t\t<div class=\"elementor-element elementor-element-13f480e ob-harakiri-inherit ob-has-background-overlay elementor-widget elementor-widget-text-editor\" data-id=\"13f480e\" data-element_type=\"widget\" data-settings=\"{&quot;_ob_use_harakiri&quot;:&quot;yes&quot;,&quot;_ob_harakiri_writing_mode&quot;:&quot;inherit&quot;,&quot;_ob_postman_use&quot;:&quot;no&quot;,&quot;_ob_perspektive_use&quot;:&quot;no&quot;,&quot;_ob_poopart_use&quot;:&quot;yes&quot;,&quot;_ob_shadough_use&quot;:&quot;no&quot;,&quot;_ob_allow_hoveranimator&quot;:&quot;no&quot;,&quot;_ob_widget_stalker_use&quot;:&quot;no&quot;}\" data-widget_type=\"text-editor.default\">\n\t\t\t\t<div class=\"elementor-widget-container\">\n\t\t\t\t\t\t\t<h1 class=\"cookie-policy-h1\">Cookie-Richtlinie<\/h1>\r\nLetzte Aktualisierung: 03-10-2024\r\n\r\n&nbsp;\r\n<h3>Was sind Cookies?<\/h3>\r\n<div class=\"cookie-policy-p\">\r\n\r\nDiese Cookie-Richtlinie erkl\u00e4rt, was Cookies sind und wie wir sie verwenden, die Arten von Cookies, die wir verwenden, d.h. die Informationen, die wir mithilfe von Cookies sammeln, wie diese Informationen verwendet werden und wie Sie Ihre Cookie-Einstellungen verwalten k\u00f6nnen.\r\n\r\nCookies sind kleine Textdateien, die verwendet werden, um kleine Informationsmengen zu speichern. Sie werden auf Ihrem Ger\u00e4t gespeichert, wenn die Website in Ihrem Browser geladen wird. Diese Cookies helfen uns, die Website richtig funktionieren zu lassen, sie sicherer zu machen, ein besseres Benutzererlebnis zu bieten und zu verstehen, wie die Website funktioniert und wo sie verbessert werden muss.\r\n\r\n<\/div>\r\n&nbsp;\r\n<h3>Wie verwenden wir Cookies?<\/h3>\r\n<div class=\"cookie-policy-p\">\r\n\r\nWie die meisten Online-Dienste verwendet unsere Website Erstanbieter- und Drittanbieter-Cookies f\u00fcr verschiedene Zwecke. Erstanbieter-Cookies sind haupts\u00e4chlich notwendig, damit die Website korrekt funktioniert, und sammeln keine personenbezogenen Daten.\r\n\r\nDie Drittanbieter-Cookies, die auf unserer Website verwendet werden, dienen haupts\u00e4chlich dazu, zu verstehen, wie die Website funktioniert, wie Sie mit unserer Website interagieren, unsere Dienste sicher zu halten, Ihnen relevante Werbeanzeigen anzubieten und insgesamt Ihnen ein besseres Benutzererlebnis zu bieten und Ihre zuk\u00fcnftigen Interaktionen mit unserer Website zu beschleunigen.\r\n\r\n<\/div>\r\n&nbsp;\r\n<h3>Arten von Cookies, die wir verwenden<\/h3>\r\n<div class=\"cky-audit-table-element\">\r\n<h3>Notwendig<\/h3>\r\n<div class=\"cky-category-des\">\r\n\r\nNotwendige Cookies sind unerl\u00e4sslich f\u00fcr die grundlegenden Funktionen der Website, und die Website funktioniert nicht wie vorgesehen ohne sie.\r\n\r\nDiese Cookies speichern keine personenbezogenen Daten.\r\n\r\n<\/div>\r\n<div class=\"cky-table-wrapper\">\r\n<table class=\"cky-cookie-audit-table\">\r\n<thead>\r\n<tr>\r\n<th>Cookie<\/th>\r\n<th>Dauer<\/th>\r\n<th>Beschreibung<\/th>\r\n<\/tr>\r\n<\/thead>\r\n<tbody>\r\n<tr>\r\n<td>cookieyes-consent<\/td>\r\n<td>1 Jahr<\/td>\r\n<td>CookieYes verwendet dieses Cookie, um die Zustimmungseinstellungen der Benutzer zu speichern, damit sie bei zuk\u00fcnftigen Besuchen auf dieser Website beachtet werden. Es sammelt oder speichert keine pers\u00f6nlichen Informationen der Website-Besucher.<\/td>\r\n<\/tr>\r\n<tr>\r\n<td>wpEmojiSettingsSupports<\/td>\r\n<td>Sitzung<\/td>\r\n<td>WordPress setzt dieses Cookie, wenn ein Benutzer mit Emojis auf einer WordPress-Website interagiert. Es hilft zu bestimmen, ob der Browser des Benutzers Emojis richtig anzeigen kann.<\/td>\r\n<\/tr>\r\n<tr>\r\n<td>rc::a<\/td>\r\n<td>L\u00e4uft nie ab<\/td>\r\n<td>Dieses Cookie wird vom Google reCAPTCHA-Dienst gesetzt, um Bots zu identifizieren und die Website vor b\u00f6sartigen Spam-Angriffen zu sch\u00fctzen.<\/td>\r\n<\/tr>\r\n<tr>\r\n<td>rc::c<\/td>\r\n<td>Sitzung<\/td>\r\n<td>Dieses Cookie wird vom Google reCAPTCHA-Dienst gesetzt, um Bots zu identifizieren und die Website vor b\u00f6sartigen Spam-Angriffen zu sch\u00fctzen.<\/td>\r\n<\/tr>\r\n<\/tbody>\r\n<\/table>\r\n<\/div>\r\n<h3>Analytik<\/h3>\r\n<div class=\"cky-category-des\">\r\n\r\nAnalytische Cookies werden verwendet, um zu verstehen, wie Besucher mit der Website interagieren. Diese Cookies helfen, Informationen zu Metriken wie der Besucherzahl, Absprungrate, Traffic-Quelle usw. bereitzustellen.\r\n\r\n<\/div>\r\n<div class=\"cky-table-wrapper\">\r\n<table class=\"cky-cookie-audit-table\">\r\n<thead>\r\n<tr>\r\n<th>Cookie<\/th>\r\n<th>Dauer<\/th>\r\n<th>Beschreibung<\/th>\r\n<\/tr>\r\n<\/thead>\r\n<tbody>\r\n<tr>\r\n<td>_ga_*<\/td>\r\n<td>1 Jahr 1 Monat 4 Tage<\/td>\r\n<td>Google Analytics setzt dieses Cookie, um Seitenaufrufe zu speichern und zu z\u00e4hlen.<\/td>\r\n<\/tr>\r\n<tr>\r\n<td>_ga<\/td>\r\n<td>1 Jahr 1 Monat 4 Tage<\/td>\r\n<td>Google Analytics verwendet dieses Cookie, um Besucher-, Sitzungs- und Kampagnendaten zu berechnen und die Nutzung der Website f\u00fcr den Analysebericht der Website zu verfolgen. Das Cookie speichert Informationen anonym und weist eine zuf\u00e4llig generierte Nummer zu, um eindeutige Besucher zu erkennen.<\/td>\r\n<\/tr>\r\n<\/tbody>\r\n<\/table>\r\n<\/div>\r\n<\/div>\r\n&nbsp;\r\n<h3><a class=\"cky-banner-element\">Cookie-Einstellungen<\/a><\/h3>\r\n<div>\r\n\r\nSie k\u00f6nnen Ihre Cookie-Einstellungen jederzeit \u00e4ndern, indem Sie oben auf die Schaltfl\u00e4che klicken. Dadurch k\u00f6nnen Sie das Cookie-Zustimmungsbanner erneut aufrufen und Ihre Einstellungen \u00e4ndern oder Ihre Zustimmung sofort widerrufen.\r\n\r\nDar\u00fcber hinaus bieten verschiedene Browser verschiedene Methoden zum Blockieren und L\u00f6schen von Cookies, die von Websites verwendet werden. Sie k\u00f6nnen die Einstellungen Ihres Browsers \u00e4ndern, um Cookies zu blockieren\/zu l\u00f6schen. Nachfolgend finden Sie Links zu den Support-Dokumenten, wie Sie Cookies in den wichtigsten Webbrowsern verwalten und l\u00f6schen k\u00f6nnen.\r\n<br>\r\n<br>\r\nChrome:\u00a0<a href=\"https:\/\/support.google.com\/accounts\/answer\/32050\" target=\"_blank\" rel=\"noopener\">https:\/\/support.google.com\/accounts\/answer\/32050<\/a>\r\n<br>\r\n<br>\r\nSafari:\u00a0<a href=\"https:\/\/support.apple.com\/en-in\/guide\/safari\/sfri11471\/mac\" target=\"_blank\" rel=\"noopener\">https:\/\/support.apple.com\/en-in\/guide\/safari\/sfri11471\/mac<\/a>\r\n<br>\r\n<br>\r\nFirefox:\u00a0<a href=\"https:\/\/support.mozilla.org\/en-US\/kb\/clear-cookies-and-site-data-firefox?redirectslug=delete-cookies-remove-info-websites-stored&amp;redirectlocale=en-US\" target=\"_blank\" rel=\"noopener\">https:\/\/support.mozilla.org\/en-US\/kb\/clear-cookies-and-site-data-firefox?redirectslug=delete-cookies-remove-info-websites-stored&amp;redirectlocale=en-US<\/a>\r\n<br>\r\n<br>\r\nInternet Explorer:\u00a0<a href=\"https:\/\/support.microsoft.com\/en-us\/topic\/how-to-delete-cookie-files-in-internet-explorer-bca9446f-d873-78de-77ba-d42645fa52fc\" target=\"_blank\" rel=\"noopener\">https:\/\/support.microsoft.com\/en-us\/topic\/how-to-delete-cookie-files-in-internet-explorer-bca9446f-d873-78de-77ba-d42645fa52fc<\/a>\r\n<br>\r\n<br>\r\nWenn Sie einen anderen Webbrowser verwenden, besuchen Sie bitte die offiziellen Support-Dokumente Ihres Browsers.\r\n\r\n<\/div>\r\n\t\t\t\t\t\t<\/div>\n\t\t\t\t<\/div>\n\t\t\t\t\t<\/div>\n\t\t<\/div>\n\t\t\t\t\t\t\t<\/div>\n\t\t<\/section>\n\t\t\t\t\t\t\t<\/div>\n\t\t","protected":false},"excerpt":{"rendered":"<p>Cookie-Richtlinie Letzte Aktualisierung: 03-10-2024 &nbsp; Was sind Cookies? Diese Cookie-Richtlinie erkl\u00e4rt, was Cookies sind und wie wir sie verwenden, die Arten von Cookies, die wir verwenden, d.h. die Informationen, die wir mithilfe von Cookies sammeln, wie diese Informationen verwendet werden und wie Sie Ihre Cookie-Einstellungen verwalten k\u00f6nnen. Cookies sind kleine Textdateien, die verwendet werden, um [&hellip;]<\/p>\n","protected":false},"author":1,"featured_media":0,"parent":0,"menu_order":0,"comment_status":"closed","ping_status":"closed","template":"","meta":[],"_links":{"self":[{"href":"https:\/\/www.villaggiolidodabruzzo.it\/de\/wp-json\/wp\/v2\/pages\/6837"}],"collection":[{"href":"https:\/\/www.villaggiolidodabruzzo.it\/de\/wp-json\/wp\/v2\/pages"}],"about":[{"href":"https:\/\/www.villaggiolidodabruzzo.it\/de\/wp-json\/wp\/v2\/types\/page"}],"author":[{"embeddable":true,"href":"https:\/\/www.villaggiolidodabruzzo.it\/de\/wp-json\/wp\/v2\/users\/1"}],"replies":[{"embeddable":true,"href":"https:\/\/www.villaggiolidodabruzzo.it\/de\/wp-json\/wp\/v2\/comments?post=6837"}],"version-history":[{"count":3,"href":"https:\/\/www.villaggiolidodabruzzo.it\/de\/wp-json\/wp\/v2\/pages\/6837\/revisions"}],"predecessor-version":[{"id":6840,"href":"https:\/\/www.villaggiolidodabruzzo.it\/de\/wp-json\/wp\/v2\/pages\/6837\/revisions\/6840"}],"wp:attachment":[{"href":"https:\/\/www.villaggiolidodabruzzo.it\/de\/wp-json\/wp\/v2\/media?parent=6837"}],"curies":[{"name":"wp","href":"https:\/\/api.w.org\/{rel}","templated":true}]}}