{"id":6870,"date":"2024-10-03T12:52:04","date_gmt":"2024-10-03T10:52:04","guid":{"rendered":"https:\/\/www.villaggiolidodabruzzo.it\/privacy-policy\/"},"modified":"2024-10-03T12:52:04","modified_gmt":"2024-10-03T10:52:04","slug":"privacy-policy","status":"publish","type":"page","link":"https:\/\/www.villaggiolidodabruzzo.it\/de\/privacy-policy\/","title":{"rendered":"Privacy Policy"},"content":{"rendered":"\t\t<div data-elementor-type=\"wp-page\" data-elementor-id=\"6870\" class=\"elementor elementor-6870 elementor-6795\" data-elementor-post-type=\"page\">\n\t\t\t\t\t\t\t\t\t<section class=\"ob-is-breaking-bad elementor-section elementor-top-section elementor-element elementor-element-5897c55 elementor-section-boxed elementor-section-height-default elementor-section-height-default\" data-id=\"5897c55\" data-element_type=\"section\" data-settings=\"{&quot;jet_parallax_layout_list&quot;:[],&quot;_ob_bbad_use_it&quot;:&quot;yes&quot;,&quot;_ob_bbad_sssic_use&quot;:&quot;no&quot;,&quot;_ob_glider_is_slider&quot;:&quot;no&quot;}\">\n\t\t\t\t\t\t<div class=\"elementor-container elementor-column-gap-default\">\n\t\t\t\t\t<div class=\"elementor-column elementor-col-100 elementor-top-column elementor-element elementor-element-86b8725\" data-id=\"86b8725\" data-element_type=\"column\" data-settings=\"{&quot;_ob_bbad_is_stalker&quot;:&quot;no&quot;,&quot;_ob_teleporter_use&quot;:false,&quot;_ob_column_hoveranimator&quot;:&quot;no&quot;,&quot;_ob_column_has_pseudo&quot;:&quot;no&quot;}\">\n\t\t\t<div class=\"elementor-widget-wrap elementor-element-populated\">\n\t\t\t\t\t\t\t\t<div class=\"elementor-element elementor-element-ac9a5c9 ob-harakiri-inherit ob-has-background-overlay elementor-widget elementor-widget-text-editor\" data-id=\"ac9a5c9\" data-element_type=\"widget\" data-settings=\"{&quot;_ob_use_harakiri&quot;:&quot;yes&quot;,&quot;_ob_harakiri_writing_mode&quot;:&quot;inherit&quot;,&quot;_ob_postman_use&quot;:&quot;no&quot;,&quot;_ob_perspektive_use&quot;:&quot;no&quot;,&quot;_ob_poopart_use&quot;:&quot;yes&quot;,&quot;_ob_shadough_use&quot;:&quot;no&quot;,&quot;_ob_allow_hoveranimator&quot;:&quot;no&quot;,&quot;_ob_widget_stalker_use&quot;:&quot;no&quot;}\" data-widget_type=\"text-editor.default\">\n\t\t\t\t<div class=\"elementor-widget-container\">\n\t\t\t\t\t\t\t<p><strong style=\"color: var( --e-global-color-text ); font-family: var( --e-global-typography-text-font-family ), Sans-serif; font-size: 1rem;\">Datenschutzerkl\u00e4rung dieser Website<\/strong><\/p>\n<p>Diese Seite beschreibt, wie die Website verwaltet wird, hinsichtlich der Verarbeitung personenbezogener Daten von Nutzern, die sie konsultieren.<\/p>\n<p>Dies ist auch eine Mitteilung gem\u00e4\u00df Art. 13 des Gesetzesdekrets Nr. 196\/2003 \u2013 Datenschutzgesetz f\u00fcr diejenigen, die die Webdienste von Villaggio Lido d&#8217;Abruzzo (im Folgenden &#8220;der Schreiber&#8221;) nutzen, die elektronisch von der Adresse:<\/p>\n<p>www.villaggiolidodabruzzo.it<\/p>\n<p>aus zug\u00e4nglich sind, die der Startseite der offiziellen Website des Schreibers entspricht.<\/p>\n<p>Die Mitteilung erfolgt nur f\u00fcr die Website des Schreibers und nicht auch f\u00fcr andere Websites, die der Nutzer \u00fcber Links konsultieren kann.<\/p>\n<p>Die Mitteilung ist auch inspiriert von der Empfehlung Nr. 2\/2001, die von den europ\u00e4ischen Datenschutzbeh\u00f6rden, die in der Gruppe gem\u00e4\u00df Art. 29 der Richtlinie Nr. 95\/46\/EG, am 17. Mai 2001, angenommen wurde, um einige Mindestanforderungen f\u00fcr die Online-Erfassung personenbezogener Daten zu identifizieren, und insbesondere die Methoden, Fristen und die Art der Informationen, die die Datenverantwortlichen den Nutzern bereitstellen m\u00fcssen, wenn sie sich mit Webseiten verbinden, unabh\u00e4ngig von den Zielen der Verbindung.<\/p>\n<p>Infolge der Konsultation dieser Website k\u00f6nnen Daten \u00fcber identifizierte oder identifizierbare Personen verarbeitet werden.<\/p>\n<p><strong>Verantwortlicher f\u00fcr die Datenverarbeitung<\/strong><\/p>\n<p>Der &#8220;Verantwortliche&#8221; f\u00fcr die Verarbeitung ist Villaggio Lido d&#8217;Abruzzo &#8211; Via Makarska 1, Localit\u00e0 Borsacchio, 64026 Roseto Degli Abruzzi (TE)<\/p>\n<p>Umsatzsteuer-Identifikationsnummer 00212500672, vertreten durch den rechtlichen Vertreter pro tempore; E-Mail <a href=\"mailto:info@lidodabruzzo.it\">info@lidodabruzzo.it<\/a><\/p>\n<p><strong>Ort der Datenverarbeitung<\/strong><\/p>\n<p>Die Verarbeitung der Daten, die mit den Webdiensten dieser Website verbunden sind, erfolgt am oben genannten Sitz des Schreibers und wird nur von technischem Personal durchgef\u00fchrt, das f\u00fcr die Verarbeitung verantwortlich ist. Falls notwendig, k\u00f6nnen Daten zu bestimmten Dienstleistungen von Personal von Unternehmen verarbeitet werden, die den technologischen Teil der Website warten (benannte Datenverarbeiter gem\u00e4\u00df Artikel 29 des Datenschutzgesetzes), an den Standorten dieser Unternehmen. Eine aktualisierte Liste dieser Verarbeiter ist am Sitz des Schreibers verf\u00fcgbar.<\/p>\n<p><strong>Verarbeitete Datentypen<\/strong><\/p>\n<p>Personenbezogene Daten \u2013 Der Datenverantwortliche verarbeitet personenbezogene Daten. \u201ePersonenbezogene Daten\u201c sind alle Informationen, durch die die betroffene Person identifiziert werden kann, und umfassen beispielhaft, jedoch nicht beschr\u00e4nkt auf, Name, Nachname, Geburtsdatum, Adresse, Geschlecht, E-Mail-Kontakt, Festnetz, Mobilfunknummer, g\u00fcltiges Ausweisdokument.<\/p>\n<p>Navigationsdaten \u2013 Die IT-Systeme und Softwareverfahren, die zum Betrieb dieser Website verwendet werden, erfassen im Rahmen ihres normalen Betriebs einige personenbezogene Daten, deren \u00dcbertragung bei der Nutzung von Internetkommunikationsprotokollen implizit ist. Dies sind Informationen, die nicht gesammelt werden, um mit identifizierten Daten zu assoziiert zu werden, die jedoch aufgrund ihrer Natur die Identifizierung von Nutzern durch Verarbeitung und Assoziation mit Daten, die von Dritten gehalten werden, erm\u00f6glichen k\u00f6nnten. Diese Datenkategorie umfasst IP-Adressen oder Domainnamen der Computer, die von Nutzern verwendet werden, die sich mit der Website verbinden, die URI (Uniform Resource Identifier)-Adressen der angeforderten Ressourcen, die Uhrzeit der Anfrage, die Methode, mit der die Anfrage an den Server gesendet wird, die Gr\u00f6\u00dfe der Datei, die als Antwort erhalten wurde, den numerischen Code, der den Status der vom Server gegebenen Antwort angibt (erfolgreich, Fehler usw.), sowie andere Parameter, die mit dem Betriebssystem und der IT-Umgebung des Nutzers verbunden sind. Diese Daten werden ausschlie\u00dflich zur Gewinnung anonymisierter statistischer Informationen \u00fcber die Nutzung der Website und zur \u00dcberpr\u00fcfung ihrer korrekten Funktionsweise verwendet und werden sofort nach der Verarbeitung gel\u00f6scht. Die Daten k\u00f6nnten verwendet werden, um die Verantwortung im Falle hypothetischer Computerverbrechen gegen die Website zu kl\u00e4ren: unter der Voraussetzung dieser M\u00f6glichkeit bleiben die Webkontakt-Daten nicht l\u00e4nger als sieben Tage bestehen.<\/p>\n<p>Freiwillig bereitgestellte Daten durch den Nutzer \u2013 Das freiwillige, ausdr\u00fcckliche und unmissverst\u00e4ndliche Senden von E-Mails an die auf dieser Website angegebenen Adressen f\u00fchrt zur anschlie\u00dfenden Erfassung der Adresse des Absenders, die notwendig ist, um auf Anfragen zu reagieren, sowie aller anderen personenbezogenen Daten, die in der Nachricht enthalten sind.<\/p>\n<p>Daten von Minderj\u00e4hrigen \u2013 Es d\u00fcrfen keine personenbezogenen Daten von Minderj\u00e4hrigen auf der Website eingegeben werden, ohne dass zuvor die Zustimmung der Eltern oder Erziehungsberechtigten erteilt wurde. Der Schreiber fordert alle Eltern und Erziehungsberechtigten auf, Minderj\u00e4hrige \u00fcber die sichere und verantwortungsvolle Nutzung ihrer personenbezogenen Daten im Internet aufzukl\u00e4ren. Der Schreiber verpflichtet sich auch, keine personenbezogenen Daten zu speichern oder zu verwenden, die von Minderj\u00e4hrigen ohne jede Zustimmung zu den Zwecken, einschlie\u00dflich der Offenlegung an Dritte, erhoben wurden.<\/p>\n<p><a href=\"https:\/\/www.villaggiolidodabruzzo.it\/de\/cookie-policy\/\">Cookies \u2013 Die Richtlinie zur Verwendung von Cookies auf dieser Website kann hier eingesehen werden: Cookie-Richtlinie.<\/a><\/p>\n<p>Auf bestimmten Seiten der Website, die f\u00fcr spezifische Dienstleistungen vorbereitet sind, werden schrittweise spezifische zusammenfassende Informationen bereitgestellt oder angezeigt.<\/p>\n<p><strong>Zweck der Verarbeitung<\/strong><\/p>\n<p>Die bereitgestellten personenbezogenen Daten werden vom Schreiber in \u00dcbereinstimmung mit den Bestimmungen des Gesetzes zu administrativen Zwecken verarbeitet, die mit vertraglichen Bed\u00fcrfnissen zusammenh\u00e4ngen, und f\u00fcr die damit verbundenen Erf\u00fcllung gesetzlicher und vertraglicher Verpflichtungen, die sich aus ihnen ergeben, sowie zur effektiven Verwaltung kommerzieller Beziehungen. Die Verarbeitung der Daten ist daher notwendig f\u00fcr die Erf\u00fcllung von Verpflichtungen, die gegen\u00fcber seinen Nutzern eingegangen wurden, zur Einhaltung gesetzlicher, regulativer oder gemeinschaftlicher Vorschriften und zur Durchsetzung seiner Rechte vor Gericht.<\/p>\n<p>Diese Zwecke umfassen:<\/p>\n<ul>\n<li>a) sichere Navigation und Registrierung auf dieser Website, um die relevanten Inhalte zu nutzen, den Erwerb und die Verwaltung Ihrer Anfragen nach Produkten und\/oder Dienstleistungen sowie die damit verbundenen administrativen und steuerlichen Verpflichtungen;<\/li>\n<li>b) mit Ihrer Zustimmung und bis zu Ihrem Widerspruch, Marketingaktivit\u00e4ten des Verantwortlichen durch den Versand kommerzieller\/promotionaler\/informierender Mitteilungen per Post, Telefon, SMS, Fax, E-Mail, einschlie\u00dflich m\u00f6glicher Einschreibung in Mailinglisten und\/oder Newsletter.<\/li>\n<\/ul>\n<p><strong>Freiwilligkeit der Bereitstellung von Daten<\/strong><\/p>\n<p>Die Bereitstellung von Daten f\u00fcr den oben genannten Zweck a) ist optional, aber notwendig. Die Weigerung, Daten bereitzustellen, macht es unm\u00f6glich, die angeforderten Dienstleistungen und\/oder Produkte bereitzustellen. Der Verantwortliche informiert auch dar\u00fcber, dass die m\u00f6gliche Nichtmitteilung oder falsche Mitteilung einer der Pflichtinformationen folgende Konsequenzen hat: die Unm\u00f6glichkeit des Verantwortlichen, die Angemessenheit der Verarbeitung selbst zu gew\u00e4hrleisten; die m\u00f6gliche Nicht\u00fcbereinstimmung der Ergebnisse der Verarbeitung selbst mit den Verpflichtungen, die durch steuerliche, administrative und zivilrechtliche Vorschriften, an die sie gerichtet sind, auferlegt werden.<\/p>\n<p>Die Bereitstellung von Daten f\u00fcr den Zweck b), der oben erw\u00e4hnt wird, ist optional. Im Falle der Nichtbereitstellung kann der Verantwortliche Ihnen nicht den Dienst des Versands kommerzieller\/promotionaler\/informierender Mitteilungen per E-Mail zur Verf\u00fcgung stellen, auch nicht durch m\u00f6gliche Einschreibung in Mailinglisten; es wird verstanden, dass die Nichtbereitstellung von Daten f\u00fcr den Zweck b) keine negativen Auswirkungen auf die M\u00f6glichkeit hat, von den in Zweck a) genannten Dienstleistungen zu profitieren.<\/p>\n<p><strong>Bereich der Kommunikation und Verbreitung<\/strong><\/p>\n<p>Die Daten werden nicht verbreitet. F\u00fcr die Verbreitung wird eine spezifische Zustimmung angefordert. Die Daten k\u00f6nnen Dritten f\u00fcr die oben genannten Zwecke mitgeteilt werden: Personen, die Unterst\u00fctzungsaktivit\u00e4ten durchf\u00fchren (z.B. Callcenter, Helpdesks usw.); Firmen oder Unternehmen im Rahmen von Unterst\u00fctzungs- und Beratungsbeziehungen, auch zur Kontrolle des organisatorischen Managements (Buchhaltung, Verwaltung, rechtliche, steuerliche und finanzielle Angelegenheiten); Unternehmen, die vertraglich mit dem Schreiber verbunden sind; \u00f6ffentliche Stellen und Verwaltungen zur Durchf\u00fchrung von Kontrollen und \u00dcberpr\u00fcfungen zur Einhaltung von steuerlichen und zivilrechtlichen Verpflichtungen; Banken und Kredit- und Versicherungsinstitute zur Durchf\u00fchrung von wirtschaftlichen und versicherungstechnischen Aktivit\u00e4ten; zust\u00e4ndige Beh\u00f6rden zur Einhaltung gesetzlicher Verpflichtungen und\/oder Vorschriften \u00f6ffentlicher Stellen, auf Anfrage. Die Personen, die zu den oben genannten Kategorien geh\u00f6ren, fungieren als Datenverarbeiter oder agieren unabh\u00e4ngig als eigenst\u00e4ndige Datenverantwortliche.<\/p>\n<p><strong>Verarbeitungsmethoden und Speicherung<\/strong><\/p>\n<p>Die Verarbeitung erfolgt elektronisch, sowohl automatisch als auch manuell, unter Verwendung von Methoden und Werkzeugen, die darauf abzielen, maximale Sicherheit und Vertraulichkeit zu gew\u00e4hrleisten, die von Personen durchgef\u00fchrt werden, die speziell f\u00fcr diesen Zweck ernannt wurden, in \u00dcbereinstimmung mit den Bestimmungen der Artikel 31 und folgende des Gesetzesdekrets 196\/03. Sie werden am Sitz des Datenverantwortlichen oder an den Standorten von Dritten gespeichert, die jeweils identifiziert werden, um die zu erbringenden Dienstleistungen f\u00fcr den strengen Zeitraum, der f\u00fcr die oben genannten Zwecke notwendig ist, und in jedem Fall nicht \u00fcber den gesetzlich vorgeschriebenen Zeitraum hinaus. In \u00dcbereinstimmung mit den geltenden Vorschriften werden spezifische Sicherheitsma\u00dfnahmen getroffen, um Datenverluste, rechtswidrige oder unsachgem\u00e4\u00dfe Nutzung und unbefugten Zugang zu verhindern. Personenbezogene Daten werden nur so lange aufbewahrt, wie es f\u00fcr die Zwecke, f\u00fcr die die Daten erhoben und anschlie\u00dfend verarbeitet wurden, unbedingt erforderlich ist, unbeschadet der Umwandlung in anonymisierte Form.<\/p>\n<p><strong>Rechte der betroffenen Personen<\/strong><\/p>\n<p>Betroffene Personen haben das Recht, jederzeit die Best\u00e4tigung \u00fcber das Vorhandensein oder Fehlen ihrer personenbezogenen Daten zu erhalten und den Inhalt sowie den Ursprung zu kennen, ihre Richtigkeit zu \u00fcberpr\u00fcfen oder ihre Erg\u00e4nzung oder Aktualisierung oder Berichtigung zu verlangen (Artikel 7 des Datenschutzgesetzes).<\/p>\n<p>Gem\u00e4\u00df demselben Artikel haben sie das Recht zu verlangen, dass Daten gel\u00f6scht, in anonymisierte Form umgewandelt oder gesperrt werden, die rechtswidrig verarbeitet wurden, sowie der Verarbeitung aus legitimen Gr\u00fcnden zu widersprechen.<\/p>\n<p>F\u00fcr alle Anfragen nach Informationen und\/oder Klarstellungen, Fragen oder Beschwerden hinsichtlich der Verarbeitung personenbezogener Daten und zur Aus\u00fcbung Ihrer Rechte, wie sie in den Artikeln 7, 8, 9 und 10 des Gesetzesdekrets vom 30. Juni 2003 Nr. 196 ausgedr\u00fcckt sind, sollten die Anfragen an den Datenverantwortlichen oder den Datenverarbeiter gerichtet werden, auch \u00fcber einen benannten Vertreter:<\/p>\n<ul>\n<li>per E-Mail: <a href=\"mailto:info@lidodabruzzo.it\">info@lidodabruzzo.it<\/a><\/li>\n<\/ul>\n<p><strong>\u00c4nderungen dieser Datenschutzerkl\u00e4rung<\/strong><\/p>\n<p>Der Schreiber kann diese Datenschutzerkl\u00e4rung ganz oder teilweise \u00e4ndern oder einfach aktualisieren, auch in Anbetracht der \u00c4nderungen der Vorschriften, die diesen Sektor regeln und Ihre Rechte sch\u00fctzen. Der Schreiber wird Sie \u00fcber diese \u00c4nderungen informieren, sobald sie eingef\u00fchrt werden. Bitte konsultieren Sie regelm\u00e4\u00dfig diese Seite, um \u00fcber die neuesten Aktualisierungen informiert zu bleiben.<\/p>\n\t\t\t\t\t\t<\/div>\n\t\t\t\t<\/div>\n\t\t\t\t<div class=\"elementor-element elementor-element-7df45b7 ob-harakiri-inherit ob-has-background-overlay elementor-widget elementor-widget-text-editor\" data-id=\"7df45b7\" data-element_type=\"widget\" data-settings=\"{&quot;_ob_use_harakiri&quot;:&quot;yes&quot;,&quot;_ob_harakiri_writing_mode&quot;:&quot;inherit&quot;,&quot;_ob_postman_use&quot;:&quot;no&quot;,&quot;_ob_perspektive_use&quot;:&quot;no&quot;,&quot;_ob_poopart_use&quot;:&quot;yes&quot;,&quot;_ob_shadough_use&quot;:&quot;no&quot;,&quot;_ob_allow_hoveranimator&quot;:&quot;no&quot;,&quot;_ob_widget_stalker_use&quot;:&quot;no&quot;}\" data-widget_type=\"text-editor.default\">\n\t\t\t\t<div class=\"elementor-widget-container\">\n\t\t\t\t\t\t\t\t\t\t\t\t\t<\/div>\n\t\t\t\t<\/div>\n\t\t\t\t\t<\/div>\n\t\t<\/div>\n\t\t\t\t\t\t\t<\/div>\n\t\t<\/section>\n\t\t\t\t\t\t\t<\/div>\n\t\t","protected":false},"excerpt":{"rendered":"<p>Datenschutzerkl\u00e4rung dieser Website Diese Seite beschreibt, wie die Website verwaltet wird, hinsichtlich der Verarbeitung personenbezogener Daten von Nutzern, die sie konsultieren. Dies ist auch eine Mitteilung gem\u00e4\u00df Art. 13 des Gesetzesdekrets Nr. 196\/2003 \u2013 Datenschutzgesetz f\u00fcr diejenigen, die die Webdienste von Villaggio Lido d&#8217;Abruzzo (im Folgenden &#8220;der Schreiber&#8221;) nutzen, die elektronisch von der Adresse: www.villaggiolidodabruzzo.it [&hellip;]<\/p>\n","protected":false},"author":1,"featured_media":0,"parent":0,"menu_order":0,"comment_status":"closed","ping_status":"closed","template":"","meta":[],"_links":{"self":[{"href":"https:\/\/www.villaggiolidodabruzzo.it\/de\/wp-json\/wp\/v2\/pages\/6870"}],"collection":[{"href":"https:\/\/www.villaggiolidodabruzzo.it\/de\/wp-json\/wp\/v2\/pages"}],"about":[{"href":"https:\/\/www.villaggiolidodabruzzo.it\/de\/wp-json\/wp\/v2\/types\/page"}],"author":[{"embeddable":true,"href":"https:\/\/www.villaggiolidodabruzzo.it\/de\/wp-json\/wp\/v2\/users\/1"}],"replies":[{"embeddable":true,"href":"https:\/\/www.villaggiolidodabruzzo.it\/de\/wp-json\/wp\/v2\/comments?post=6870"}],"version-history":[{"count":1,"href":"https:\/\/www.villaggiolidodabruzzo.it\/de\/wp-json\/wp\/v2\/pages\/6870\/revisions"}],"predecessor-version":[{"id":6871,"href":"https:\/\/www.villaggiolidodabruzzo.it\/de\/wp-json\/wp\/v2\/pages\/6870\/revisions\/6871"}],"wp:attachment":[{"href":"https:\/\/www.villaggiolidodabruzzo.it\/de\/wp-json\/wp\/v2\/media?parent=6870"}],"curies":[{"name":"wp","href":"https:\/\/api.w.org\/{rel}","templated":true}]}}