{"id":7411,"date":"2025-07-02T13:05:53","date_gmt":"2025-07-02T11:05:53","guid":{"rendered":"https:\/\/www.villaggiolidodabruzzo.it\/erreichbarkeit\/"},"modified":"2025-07-02T13:05:53","modified_gmt":"2025-07-02T11:05:53","slug":"erreichbarkeit","status":"publish","type":"page","link":"https:\/\/www.villaggiolidodabruzzo.it\/de\/erreichbarkeit\/","title":{"rendered":"Erreichbarkeit"},"content":{"rendered":"\t\t<div data-elementor-type=\"wp-page\" data-elementor-id=\"7411\" class=\"elementor elementor-7411 elementor-7396\" data-elementor-post-type=\"page\">\n\t\t\t\t\t\t\t\t\t<section class=\"ob-is-breaking-bad elementor-section elementor-top-section elementor-element elementor-element-6e05d879 elementor-section-boxed elementor-section-height-default elementor-section-height-default\" data-id=\"6e05d879\" data-element_type=\"section\" data-settings=\"{&quot;jet_parallax_layout_list&quot;:[],&quot;_ob_bbad_use_it&quot;:&quot;yes&quot;,&quot;_ob_bbad_sssic_use&quot;:&quot;no&quot;,&quot;_ob_glider_is_slider&quot;:&quot;no&quot;}\">\n\t\t\t\t\t\t<div class=\"elementor-container elementor-column-gap-default\">\n\t\t\t\t\t<div class=\"elementor-column elementor-col-100 elementor-top-column elementor-element elementor-element-4f34d6a0\" data-id=\"4f34d6a0\" data-element_type=\"column\" data-settings=\"{&quot;_ob_bbad_is_stalker&quot;:&quot;no&quot;,&quot;_ob_teleporter_use&quot;:false,&quot;_ob_column_hoveranimator&quot;:&quot;no&quot;,&quot;_ob_column_has_pseudo&quot;:&quot;no&quot;}\">\n\t\t\t<div class=\"elementor-widget-wrap elementor-element-populated\">\n\t\t\t\t\t\t\t\t<div class=\"elementor-element elementor-element-2903ece ob-harakiri-inherit ob-has-background-overlay elementor-widget elementor-widget-text-editor\" data-id=\"2903ece\" data-element_type=\"widget\" data-settings=\"{&quot;_ob_use_harakiri&quot;:&quot;yes&quot;,&quot;_ob_harakiri_writing_mode&quot;:&quot;inherit&quot;,&quot;_ob_postman_use&quot;:&quot;no&quot;,&quot;_ob_perspektive_use&quot;:&quot;no&quot;,&quot;_ob_poopart_use&quot;:&quot;yes&quot;,&quot;_ob_shadough_use&quot;:&quot;no&quot;,&quot;_ob_allow_hoveranimator&quot;:&quot;no&quot;,&quot;_ob_widget_stalker_use&quot;:&quot;no&quot;}\" data-widget_type=\"text-editor.default\">\n\t\t\t\t<div class=\"elementor-widget-container\">\n\t\t\t\t\t\t\t<h3>Zug\u00e4nglichkeitserkl\u00e4rung<\/h3>\r\n<p>Villaggio Lido d&#8217;Abruzzo verpflichtet sich, seine Website gem\u00e4\u00df dem Gesetzesdekret Nr. 106 vom 10. August 2018, mit dem die Richtlinie (EU) 2016\/2102 des Europ\u00e4ischen Parlaments und des Rates umgesetzt wurde, zug\u00e4nglich zu machen.<\/p>\r\n<p><\/p>\r\n<p>Diese Zug\u00e4nglichkeitserkl\u00e4rung gilt f\u00fcr die Website <a href=\"http:\/\/www. villaggiolidodabruzzo.it\">www.villaggiolidodabruzzo.it<\/a>.<\/p>\r\n<p><\/p>\r\n<h3> <\/h3>\r\n<h3>Konformit\u00e4tsstatus<\/h3>\r\n<p>Diese Website erf\u00fcllt nicht die Anforderungen des Anhangs A der UNI EN 301549:2018 (WCAG 2.1) und die Anforderungen ex Anhang A DM 5. Juli 2005 (WCAG 2.0). <\/p>\r\n<p><\/p>\r\n<h3> <\/h3>\r\n<h3>Inhalte nicht zug\u00e4nglich<\/h3>\r\n<p>a) Nichteinhaltung des Gesetzesdekrets 10. August 2018, Nr. 106<br \/>Die Website weist mehrere Probleme mit der Zug\u00e4nglichkeit auf, darunter: <\/p>\r\n<p><\/p>\r\n<ul>\r\n<li>\r\n<p>Fehlender Alternativtext f\u00fcr einige Bilder;<\/p>\r\n<\/li>\r\n<li>\r\n<p>unzureichender Kontrast zwischen Text und Hintergrund in einigen Abschnitten;<\/p>\r\n<\/li>\r\n<li>\r\n<p>nicht-semantische HTML-Struktur mit unsachgem\u00e4\u00dfer Verwendung von Kopfzeilen und Tags;<\/p>\r\n<\/li>\r\n<li>\r\n<p>Tastaturnavigation nicht vollst\u00e4ndig unterst\u00fctzt;<\/p>\r\n<\/li>\r\n<li>\r\n<p>Fehlender zug\u00e4nglicher Bezeichnungen in Formularen. <\/p>\r\n<\/li>\r\n<\/ul>\r\n<p><\/p>\r\n<p>Diese Elemente k\u00f6nnen die Nutzung der Website durch Nutzer mit visuellen, motorischen oder kognitiven Behinderungen behindern.<\/p>\r\n<p><\/p>\r\n\r\n<p>b) Unverh\u00e4ltnism\u00e4\u00dfiger Aufwand<br \/>Aufgrund begrenzter technischer und wirtschaftlicher Ressourcen wird die Anpassung der Website an die geplanten Zug\u00e4nglichkeitskriterien derzeit als unverh\u00e4ltnism\u00e4\u00dfiger Aufwand im Sinne von Artikel 5 der Richtlinie (EU) 2016\/2102 angesehen. Der Anbieter verpflichtet sich jedoch, das Niveau der Zug\u00e4nglichkeit der Website schrittweise zu verbessern.<\/p>\r\n<p><\/p>\r\n<p>c) Von den Vorschriften ausgeschlossene Inhalte<br \/>Nicht vorhanden.<\/p>\r\n<p><\/p>\r\n<p> <\/p>\r\n<h3>Erstellung der Erkl\u00e4rung<\/h3>\r\n<p>Diese Erkl\u00e4rung wurde am 02.07.2025 auf der Grundlage einer direkt vom Anbieter durchgef\u00fchrten Selbsteinsch\u00e4tzung erstellt. <\/p>\r\n<p><\/p>\r\n<p> <\/p>\r\n<h3>Feedback und Kontakte<\/h3>\r\n<p><\/p>\r\n<p>Wenn Sie auf Probleme mit der Zug\u00e4nglichkeit sto\u00dfen, k\u00f6nnen Sie diese an <a href=\"mailto:info@villaggiolidodabruzzo.it\">info@villaggiolidodabruzzo.it<\/a> melden. <\/p>\r\n<p><\/p>\r\n<p> <\/p>\r\n<h3>Umsetzungsverfahren<\/h3>\r\n<p><\/p>\r\n<p>Wenn Sie eine unbefriedigende oder gar keine Antwort erhalten, k\u00f6nnen Sie sich \u00fcber folgenden Link an den Digitalen Ombudsmann wenden:<\/p>\r\n<p><\/p>\r\n<p><a href=\"https:\/\/www.agid.gov.it\/it\/agenzia\/difensore-civico-digitalizzazione\" target=\"_blank\" rel=\"noopener\">https:\/\/www.agid.gov.it\/it\/agenzia\/difensore-civico-digitalizzazione<\/a><\/p>\r\n<p><\/p>\t\t\t\t\t\t<\/div>\n\t\t\t\t<\/div>\n\t\t\t\t\t<\/div>\n\t\t<\/div>\n\t\t\t\t\t\t\t<\/div>\n\t\t<\/section>\n\t\t\t\t\t\t\t<\/div>\n\t\t","protected":false},"excerpt":{"rendered":"<p>Zug\u00e4nglichkeitserkl\u00e4rung Villaggio Lido d&#8217;Abruzzo verpflichtet sich, seine Website gem\u00e4\u00df dem Gesetzesdekret Nr. 106 vom 10. August 2018, mit dem die Richtlinie (EU) 2016\/2102 des Europ\u00e4ischen Parlaments und des Rates umgesetzt wurde, zug\u00e4nglich zu machen. Diese Zug\u00e4nglichkeitserkl\u00e4rung gilt f\u00fcr die Website www.villaggiolidodabruzzo.it. Konformit\u00e4tsstatus Diese Website erf\u00fcllt nicht die Anforderungen des Anhangs A der UNI EN 301549:2018 [&hellip;]<\/p>\n","protected":false},"author":1,"featured_media":0,"parent":0,"menu_order":0,"comment_status":"closed","ping_status":"closed","template":"","meta":[],"_links":{"self":[{"href":"https:\/\/www.villaggiolidodabruzzo.it\/de\/wp-json\/wp\/v2\/pages\/7411"}],"collection":[{"href":"https:\/\/www.villaggiolidodabruzzo.it\/de\/wp-json\/wp\/v2\/pages"}],"about":[{"href":"https:\/\/www.villaggiolidodabruzzo.it\/de\/wp-json\/wp\/v2\/types\/page"}],"author":[{"embeddable":true,"href":"https:\/\/www.villaggiolidodabruzzo.it\/de\/wp-json\/wp\/v2\/users\/1"}],"replies":[{"embeddable":true,"href":"https:\/\/www.villaggiolidodabruzzo.it\/de\/wp-json\/wp\/v2\/comments?post=7411"}],"version-history":[{"count":1,"href":"https:\/\/www.villaggiolidodabruzzo.it\/de\/wp-json\/wp\/v2\/pages\/7411\/revisions"}],"predecessor-version":[{"id":7412,"href":"https:\/\/www.villaggiolidodabruzzo.it\/de\/wp-json\/wp\/v2\/pages\/7411\/revisions\/7412"}],"wp:attachment":[{"href":"https:\/\/www.villaggiolidodabruzzo.it\/de\/wp-json\/wp\/v2\/media?parent=7411"}],"curies":[{"name":"wp","href":"https:\/\/api.w.org\/{rel}","templated":true}]}}